{"id":54,"date":"2016-09-12T10:53:20","date_gmt":"2016-09-12T10:53:20","guid":{"rendered":"https:\/\/safeoregonstag.wpengine.com\/?page_id=54"},"modified":"2017-01-16T12:38:33","modified_gmt":"2017-01-16T20:38:33","slug":"legal","status":"publish","type":"page","link":"https:\/\/www.safeoregon.com\/es\/legal\/","title":{"rendered":"LEGAL"},"content":{"rendered":"<p>Lorem Ipsum es simplemente un texto de relleno de la industria de la impresi\u00f3n y la tipograf\u00eda. Lorem Ipsum ha sido el texto de relleno est\u00e1ndar de la industria desde el siglo XVI, cuando un impresor desconocido tom\u00f3 una galer\u00eda de tipos y los mezcl\u00f3 para hacer un libro de muestras tipogr\u00e1ficas. Ha sobrevivido no s\u00f3lo a cinco siglos, sino tambi\u00e9n al salto hacia la composici\u00f3n tipogr\u00e1fica electr\u00f3nica, permaneciendo esencialmente sin cambios. Se populariz\u00f3 en la d\u00e9cada de 1960 con el lanzamiento de hojas de Letraset que conten\u00edan pasajes de Lorem Ipsum y, m\u00e1s recientemente, con software de autoedici\u00f3n como Aldus PageMaker, que inclu\u00eda versiones de Lorem Ipsum.<\/p>\n<p>Lorem Ipsum es simplemente un texto de relleno de la industria de la impresi\u00f3n y la tipograf\u00eda. Lorem Ipsum ha sido el texto de relleno est\u00e1ndar de la industria desde el siglo XVI, cuando un impresor desconocido tom\u00f3 una galer\u00eda de tipos y los mezcl\u00f3 para hacer un libro de muestras tipogr\u00e1ficas. Ha sobrevivido no s\u00f3lo a cinco siglos, sino tambi\u00e9n al salto hacia la composici\u00f3n tipogr\u00e1fica electr\u00f3nica, permaneciendo esencialmente sin cambios. Se populariz\u00f3 en la d\u00e9cada de 1960 con el lanzamiento de hojas de Letraset que conten\u00edan pasajes de Lorem Ipsum y, m\u00e1s recientemente, con software de autoedici\u00f3n como Aldus PageMaker, que inclu\u00eda versiones de Lorem Ipsum.<\/p>","protected":false},"excerpt":{"rendered":"<p>Lorem Ipsum es simplemente un texto de relleno de la industria de la impresi\u00f3n y la tipograf\u00eda. Lorem Ipsum ha sido el texto de relleno est\u00e1ndar de la industria desde el siglo XVI, cuando un impresor desconocido tom\u00f3 una galer\u00eda de tipos y los mezcl\u00f3 para hacer un libro de muestras tipogr\u00e1ficas. Ha sobrevivido no s\u00f3lo a cinco siglos, sino tambi\u00e9n al salto a... <a href=\"https:\/\/www.safeoregon.com\/es\/legal\/\" class=\"more-link\">sigue leyendo <span class=\"screen-reader-text\">LEGAL<\/span> <span class=\"meta-nav\">\u2192<\/span><\/a><\/p>","protected":false},"author":1,"featured_media":0,"parent":0,"menu_order":0,"comment_status":"closed","ping_status":"closed","template":"page-templates\/legal-page-template.php","meta":{"inline_featured_image":false,"_lmt_disableupdate":"","_lmt_disable":"","_exactmetrics_skip_tracking":false,"_exactmetrics_sitenote_active":false,"_exactmetrics_sitenote_note":"","_exactmetrics_sitenote_category":0,"footnotes":""},"class_list":["post-54","page","type-page","status-publish","hentry"],"acf":[],"yoast_head":"<!-- This site is optimized with the Yoast SEO plugin v25.7 - https:\/\/yoast.com\/wordpress\/plugins\/seo\/ -->\n<title>Legal | Safe Oregon<\/title>\n<meta name=\"robots\" content=\"index, follow, max-snippet:-1, max-image-preview:large, max-video-preview:-1\" \/>\n<link rel=\"canonical\" href=\"https:\/\/www.safeoregon.com\/es\/legal\/\" \/>\n<meta property=\"og:locale\" content=\"es_MX\" \/>\n<meta property=\"og:type\" content=\"article\" \/>\n<meta property=\"og:title\" content=\"Legal | Safe Oregon\" \/>\n<meta property=\"og:description\" content=\"Lorem Ipsum is simply dummy text of the printing and typesetting industry. Lorem Ipsum has been the industry&#8217;s standard dummy text ever since the 1500s, when an unknown printer took a galley of type and scrambled it to make a type specimen book. It has survived not only five centuries, but also the leap into &hellip; Continue reading LEGAL &rarr;\" \/>\n<meta property=\"og:url\" content=\"https:\/\/www.safeoregon.com\/es\/legal\/\" \/>\n<meta property=\"og:site_name\" content=\"Safe Oregon\" \/>\n<meta property=\"article:modified_time\" content=\"2017-01-16T20:38:33+00:00\" \/>\n<meta name=\"twitter:card\" content=\"summary_large_image\" \/>\n<meta name=\"twitter:label1\" content=\"Est. reading time\" \/>\n\t<meta name=\"twitter:data1\" content=\"1 minute\" \/>\n<script type=\"application\/ld+json\" class=\"yoast-schema-graph\">{\"@context\":\"https:\/\/schema.org\",\"@graph\":[{\"@type\":\"WebPage\",\"@id\":\"https:\/\/www.safeoregon.com\/legal\/\",\"url\":\"https:\/\/www.safeoregon.com\/legal\/\",\"name\":\"Legal | Safe Oregon\",\"isPartOf\":{\"@id\":\"https:\/\/www.safeoregon.com\/#website\"},\"datePublished\":\"2016-09-12T10:53:20+00:00\",\"dateModified\":\"2017-01-16T20:38:33+00:00\",\"breadcrumb\":{\"@id\":\"https:\/\/www.safeoregon.com\/legal\/#breadcrumb\"},\"inLanguage\":\"es-MX\",\"potentialAction\":[{\"@type\":\"ReadAction\",\"target\":[\"https:\/\/www.safeoregon.com\/legal\/\"]}]},{\"@type\":\"BreadcrumbList\",\"@id\":\"https:\/\/www.safeoregon.com\/legal\/#breadcrumb\",\"itemListElement\":[{\"@type\":\"ListItem\",\"position\":1,\"name\":\"Home\",\"item\":\"https:\/\/www.safeoregon.com\/\"},{\"@type\":\"ListItem\",\"position\":2,\"name\":\"LEGAL\"}]},{\"@type\":\"WebSite\",\"@id\":\"https:\/\/www.safeoregon.com\/#website\",\"url\":\"https:\/\/www.safeoregon.com\/\",\"name\":\"Safe Oregon\",\"description\":\"\",\"potentialAction\":[{\"@type\":\"SearchAction\",\"target\":{\"@type\":\"EntryPoint\",\"urlTemplate\":\"https:\/\/www.safeoregon.com\/?s={search_term_string}\"},\"query-input\":{\"@type\":\"PropertyValueSpecification\",\"valueRequired\":true,\"valueName\":\"search_term_string\"}}],\"inLanguage\":\"es-MX\"}]}<\/script>\n<!-- \/ Yoast SEO plugin. -->","yoast_head_json":{"title":"Legal | Safe Oregon","robots":{"index":"index","follow":"follow","max-snippet":"max-snippet:-1","max-image-preview":"max-image-preview:large","max-video-preview":"max-video-preview:-1"},"canonical":"https:\/\/www.safeoregon.com\/es\/legal\/","og_locale":"es_MX","og_type":"article","og_title":"Legal | Safe Oregon","og_description":"Lorem Ipsum is simply dummy text of the printing and typesetting industry. Lorem Ipsum has been the industry&#8217;s standard dummy text ever since the 1500s, when an unknown printer took a galley of type and scrambled it to make a type specimen book. It has survived not only five centuries, but also the leap into &hellip; Continue reading LEGAL &rarr;","og_url":"https:\/\/www.safeoregon.com\/es\/legal\/","og_site_name":"Safe Oregon","article_modified_time":"2017-01-16T20:38:33+00:00","twitter_card":"summary_large_image","twitter_misc":{"Est. reading time":"1 minute"},"schema":{"@context":"https:\/\/schema.org","@graph":[{"@type":"WebPage","@id":"https:\/\/www.safeoregon.com\/legal\/","url":"https:\/\/www.safeoregon.com\/legal\/","name":"Legal | Safe Oregon","isPartOf":{"@id":"https:\/\/www.safeoregon.com\/#website"},"datePublished":"2016-09-12T10:53:20+00:00","dateModified":"2017-01-16T20:38:33+00:00","breadcrumb":{"@id":"https:\/\/www.safeoregon.com\/legal\/#breadcrumb"},"inLanguage":"es-MX","potentialAction":[{"@type":"ReadAction","target":["https:\/\/www.safeoregon.com\/legal\/"]}]},{"@type":"BreadcrumbList","@id":"https:\/\/www.safeoregon.com\/legal\/#breadcrumb","itemListElement":[{"@type":"ListItem","position":1,"name":"Home","item":"https:\/\/www.safeoregon.com\/"},{"@type":"ListItem","position":2,"name":"LEGAL"}]},{"@type":"WebSite","@id":"https:\/\/www.safeoregon.com\/#website","url":"https:\/\/www.safeoregon.com\/","name":"Safe Oregon","description":"","potentialAction":[{"@type":"SearchAction","target":{"@type":"EntryPoint","urlTemplate":"https:\/\/www.safeoregon.com\/?s={search_term_string}"},"query-input":{"@type":"PropertyValueSpecification","valueRequired":true,"valueName":"search_term_string"}}],"inLanguage":"es-MX"}]}},"_links":{"self":[{"href":"https:\/\/www.safeoregon.com\/es\/wp-json\/wp\/v2\/pages\/54","targetHints":{"allow":["GET"]}}],"collection":[{"href":"https:\/\/www.safeoregon.com\/es\/wp-json\/wp\/v2\/pages"}],"about":[{"href":"https:\/\/www.safeoregon.com\/es\/wp-json\/wp\/v2\/types\/page"}],"author":[{"embeddable":true,"href":"https:\/\/www.safeoregon.com\/es\/wp-json\/wp\/v2\/users\/1"}],"replies":[{"embeddable":true,"href":"https:\/\/www.safeoregon.com\/es\/wp-json\/wp\/v2\/comments?post=54"}],"version-history":[{"count":0,"href":"https:\/\/www.safeoregon.com\/es\/wp-json\/wp\/v2\/pages\/54\/revisions"}],"wp:attachment":[{"href":"https:\/\/www.safeoregon.com\/es\/wp-json\/wp\/v2\/media?parent=54"}],"curies":[{"name":"wp","href":"https:\/\/api.w.org\/{rel}","templated":true}]}}