{"id":71,"date":"2016-09-17T06:22:28","date_gmt":"2016-09-17T06:22:28","guid":{"rendered":"https:\/\/safeoregonstag.wpengine.com\/?page_id=71"},"modified":"2016-09-29T16:22:18","modified_gmt":"2016-09-29T16:22:18","slug":"presentations","status":"publish","type":"page","link":"https:\/\/www.safeoregon.com\/vi\/about\/faqs\/presentations\/","title":{"rendered":"TR\u00ccNH B\u00c0Y"},"content":{"rendered":"<p><strong>Lorem Ipsum<\/strong> ch\u1ec9 \u0111\u01a1n gi\u1ea3n l\u00e0 v\u0103n b\u1ea3n gi\u1ea3 c\u1ee7a ng\u00e0nh in \u1ea5n v\u00e0 s\u1eafp ch\u1eef. Lorem Ipsum \u0111\u00e3 tr\u1edf th\u00e0nh v\u0103n b\u1ea3n gi\u1ea3 ti\u00eau chu\u1ea9n c\u1ee7a ng\u00e0nh k\u1ec3 t\u1eeb nh\u1eefng n\u0103m 1500, khi m\u1ed9t nh\u00e0 in kh\u00f4ng x\u00e1c \u0111\u1ecbnh l\u1ea5y m\u1ed9t b\u1ea3n in v\u00e0 x\u00e1o tr\u1ed9n n\u00f3 \u0111\u1ec3 t\u1ea1o th\u00e0nh m\u1ed9t cu\u1ed1n s\u00e1ch m\u1eabu. N\u00f3 \u0111\u00e3 t\u1ed3n t\u1ea1i kh\u00f4ng ch\u1ec9 5 th\u1ebf k\u1ef7 m\u00e0 c\u00f2n l\u00e0 b\u01b0\u1edbc nh\u1ea3y v\u1ecdt trong l\u0129nh v\u1ef1c s\u1eafp ch\u1eef \u0111i\u1ec7n t\u1eed, v\u1ec1 c\u01a1 b\u1ea3n v\u1eabn kh\u00f4ng thay \u0111\u1ed5i. N\u00f3 \u0111\u01b0\u1ee3c ph\u1ed5 bi\u1ebfn v\u00e0o nh\u1eefng n\u0103m 1960 v\u1edbi vi\u1ec7c ph\u00e1t h\u00e0nh c\u00e1c t\u1edd Letraset ch\u1ee9a c\u00e1c \u0111o\u1ea1n Lorem Ipsum v\u00e0 g\u1ea7n \u0111\u00e2y h\u01a1n l\u00e0 v\u1edbi ph\u1ea7n m\u1ec1m xu\u1ea5t b\u1ea3n tr\u00ean m\u00e1y t\u00ednh \u0111\u1ec3 b\u00e0n nh\u01b0 Aldus PageMaker, bao g\u1ed3m c\u00e1c phi\u00ean b\u1ea3n c\u1ee7a Lorem Ipsum.<\/p>\n<p><strong>Lorem Ipsum<\/strong> ch\u1ec9 \u0111\u01a1n gi\u1ea3n l\u00e0 v\u0103n b\u1ea3n gi\u1ea3 c\u1ee7a ng\u00e0nh in \u1ea5n v\u00e0 s\u1eafp ch\u1eef. Lorem Ipsum \u0111\u00e3 tr\u1edf th\u00e0nh v\u0103n b\u1ea3n gi\u1ea3 ti\u00eau chu\u1ea9n c\u1ee7a ng\u00e0nh k\u1ec3 t\u1eeb nh\u1eefng n\u0103m 1500, khi m\u1ed9t nh\u00e0 in kh\u00f4ng x\u00e1c \u0111\u1ecbnh l\u1ea5y m\u1ed9t b\u1ea3n in v\u00e0 x\u00e1o tr\u1ed9n n\u00f3 \u0111\u1ec3 t\u1ea1o th\u00e0nh m\u1ed9t cu\u1ed1n s\u00e1ch m\u1eabu. N\u00f3 \u0111\u00e3 t\u1ed3n t\u1ea1i kh\u00f4ng ch\u1ec9 5 th\u1ebf k\u1ef7 m\u00e0 c\u00f2n l\u00e0 b\u01b0\u1edbc nh\u1ea3y v\u1ecdt trong l\u0129nh v\u1ef1c s\u1eafp ch\u1eef \u0111i\u1ec7n t\u1eed, v\u1ec1 c\u01a1 b\u1ea3n v\u1eabn kh\u00f4ng thay \u0111\u1ed5i. N\u00f3 \u0111\u01b0\u1ee3c ph\u1ed5 bi\u1ebfn v\u00e0o nh\u1eefng n\u0103m 1960 v\u1edbi vi\u1ec7c ph\u00e1t h\u00e0nh c\u00e1c t\u1edd Letraset ch\u1ee9a c\u00e1c \u0111o\u1ea1n Lorem Ipsum v\u00e0 g\u1ea7n \u0111\u00e2y h\u01a1n l\u00e0 v\u1edbi ph\u1ea7n m\u1ec1m xu\u1ea5t b\u1ea3n tr\u00ean m\u00e1y t\u00ednh \u0111\u1ec3 b\u00e0n nh\u01b0 Aldus PageMaker, bao g\u1ed3m c\u00e1c phi\u00ean b\u1ea3n c\u1ee7a Lorem Ipsum.<\/p>\n<p><strong>Lorem Ipsum<\/strong> ch\u1ec9 \u0111\u01a1n gi\u1ea3n l\u00e0 v\u0103n b\u1ea3n gi\u1ea3 c\u1ee7a ng\u00e0nh in \u1ea5n v\u00e0 s\u1eafp ch\u1eef. Lorem Ipsum \u0111\u00e3 tr\u1edf th\u00e0nh v\u0103n b\u1ea3n gi\u1ea3 ti\u00eau chu\u1ea9n c\u1ee7a ng\u00e0nh k\u1ec3 t\u1eeb nh\u1eefng n\u0103m 1500, khi m\u1ed9t nh\u00e0 in kh\u00f4ng x\u00e1c \u0111\u1ecbnh l\u1ea5y m\u1ed9t b\u1ea3n in v\u00e0 x\u00e1o tr\u1ed9n n\u00f3 \u0111\u1ec3 t\u1ea1o th\u00e0nh m\u1ed9t cu\u1ed1n s\u00e1ch m\u1eabu. N\u00f3 \u0111\u00e3 t\u1ed3n t\u1ea1i kh\u00f4ng ch\u1ec9 5 th\u1ebf k\u1ef7 m\u00e0 c\u00f2n l\u00e0 b\u01b0\u1edbc nh\u1ea3y v\u1ecdt trong l\u0129nh v\u1ef1c s\u1eafp ch\u1eef \u0111i\u1ec7n t\u1eed, v\u1ec1 c\u01a1 b\u1ea3n v\u1eabn kh\u00f4ng thay \u0111\u1ed5i. N\u00f3 \u0111\u01b0\u1ee3c ph\u1ed5 bi\u1ebfn v\u00e0o nh\u1eefng n\u0103m 1960 v\u1edbi vi\u1ec7c ph\u00e1t h\u00e0nh c\u00e1c t\u1edd Letraset ch\u1ee9a c\u00e1c \u0111o\u1ea1n Lorem Ipsum v\u00e0 g\u1ea7n \u0111\u00e2y h\u01a1n l\u00e0 v\u1edbi ph\u1ea7n m\u1ec1m xu\u1ea5t b\u1ea3n tr\u00ean m\u00e1y t\u00ednh \u0111\u1ec3 b\u00e0n nh\u01b0 Aldus PageMaker, bao g\u1ed3m c\u00e1c phi\u00ean b\u1ea3n c\u1ee7a Lorem Ipsum.<\/p>\n<p><strong>Lorem Ipsum<\/strong> ch\u1ec9 \u0111\u01a1n gi\u1ea3n l\u00e0 v\u0103n b\u1ea3n gi\u1ea3 c\u1ee7a ng\u00e0nh in \u1ea5n v\u00e0 s\u1eafp ch\u1eef. Lorem Ipsum \u0111\u00e3 tr\u1edf th\u00e0nh v\u0103n b\u1ea3n gi\u1ea3 ti\u00eau chu\u1ea9n c\u1ee7a ng\u00e0nh k\u1ec3 t\u1eeb nh\u1eefng n\u0103m 1500, khi m\u1ed9t nh\u00e0 in kh\u00f4ng x\u00e1c \u0111\u1ecbnh l\u1ea5y m\u1ed9t b\u1ea3n in v\u00e0 x\u00e1o tr\u1ed9n n\u00f3 \u0111\u1ec3 t\u1ea1o th\u00e0nh m\u1ed9t cu\u1ed1n s\u00e1ch m\u1eabu. N\u00f3 \u0111\u00e3 t\u1ed3n t\u1ea1i kh\u00f4ng ch\u1ec9 5 th\u1ebf k\u1ef7 m\u00e0 c\u00f2n l\u00e0 b\u01b0\u1edbc nh\u1ea3y v\u1ecdt trong l\u0129nh v\u1ef1c s\u1eafp ch\u1eef \u0111i\u1ec7n t\u1eed, v\u1ec1 c\u01a1 b\u1ea3n v\u1eabn kh\u00f4ng thay \u0111\u1ed5i. N\u00f3 \u0111\u01b0\u1ee3c ph\u1ed5 bi\u1ebfn v\u00e0o nh\u1eefng n\u0103m 1960 v\u1edbi vi\u1ec7c ph\u00e1t h\u00e0nh c\u00e1c t\u1edd Letraset ch\u1ee9a c\u00e1c \u0111o\u1ea1n Lorem Ipsum v\u00e0 g\u1ea7n \u0111\u00e2y h\u01a1n l\u00e0 v\u1edbi ph\u1ea7n m\u1ec1m xu\u1ea5t b\u1ea3n tr\u00ean m\u00e1y t\u00ednh \u0111\u1ec3 b\u00e0n nh\u01b0 Aldus PageMaker, bao g\u1ed3m c\u00e1c phi\u00ean b\u1ea3n c\u1ee7a Lorem Ipsum.<\/p>\n<p><strong>Lorem Ipsum<\/strong> ch\u1ec9 \u0111\u01a1n gi\u1ea3n l\u00e0 v\u0103n b\u1ea3n gi\u1ea3 c\u1ee7a ng\u00e0nh in \u1ea5n v\u00e0 s\u1eafp ch\u1eef. Lorem Ipsum \u0111\u00e3 tr\u1edf th\u00e0nh v\u0103n b\u1ea3n gi\u1ea3 ti\u00eau chu\u1ea9n c\u1ee7a ng\u00e0nh k\u1ec3 t\u1eeb nh\u1eefng n\u0103m 1500, khi m\u1ed9t nh\u00e0 in kh\u00f4ng x\u00e1c \u0111\u1ecbnh l\u1ea5y m\u1ed9t b\u1ea3n in v\u00e0 x\u00e1o tr\u1ed9n n\u00f3 \u0111\u1ec3 t\u1ea1o th\u00e0nh m\u1ed9t cu\u1ed1n s\u00e1ch m\u1eabu. N\u00f3 \u0111\u00e3 t\u1ed3n t\u1ea1i kh\u00f4ng ch\u1ec9 5 th\u1ebf k\u1ef7 m\u00e0 c\u00f2n l\u00e0 b\u01b0\u1edbc nh\u1ea3y v\u1ecdt trong l\u0129nh v\u1ef1c s\u1eafp ch\u1eef \u0111i\u1ec7n t\u1eed, v\u1ec1 c\u01a1 b\u1ea3n v\u1eabn kh\u00f4ng thay \u0111\u1ed5i. N\u00f3 \u0111\u01b0\u1ee3c ph\u1ed5 bi\u1ebfn v\u00e0o nh\u1eefng n\u0103m 1960 v\u1edbi vi\u1ec7c ph\u00e1t h\u00e0nh c\u00e1c t\u1edd Letraset ch\u1ee9a c\u00e1c \u0111o\u1ea1n Lorem Ipsum v\u00e0 g\u1ea7n \u0111\u00e2y h\u01a1n l\u00e0 v\u1edbi ph\u1ea7n m\u1ec1m xu\u1ea5t b\u1ea3n tr\u00ean m\u00e1y t\u00ednh \u0111\u1ec3 b\u00e0n nh\u01b0 Aldus PageMaker, bao g\u1ed3m c\u00e1c phi\u00ean b\u1ea3n c\u1ee7a Lorem Ipsum.<\/p>","protected":false},"excerpt":{"rendered":"<p>Lorem Ipsum ch\u1ec9 \u0111\u01a1n gi\u1ea3n l\u00e0 v\u0103n b\u1ea3n gi\u1ea3 c\u1ee7a ng\u00e0nh in \u1ea5n v\u00e0 s\u1eafp ch\u1eef. Lorem Ipsum \u0111\u00e3 tr\u1edf th\u00e0nh v\u0103n b\u1ea3n gi\u1ea3 ti\u00eau chu\u1ea9n c\u1ee7a ng\u00e0nh k\u1ec3 t\u1eeb nh\u1eefng n\u0103m 1500, khi m\u1ed9t nh\u00e0 in kh\u00f4ng x\u00e1c \u0111\u1ecbnh l\u1ea5y m\u1ed9t b\u1ea3n in v\u00e0 x\u00e1o tr\u1ed9n n\u00f3 \u0111\u1ec3 t\u1ea1o th\u00e0nh m\u1ed9t cu\u1ed1n s\u00e1ch m\u1eabu. N\u00f3 \u0111\u00e3 t\u1ed3n t\u1ea1i kh\u00f4ng ch\u1ec9 sau 5 th\u1ebf k\u1ef7 m\u00e0 c\u00f2n v\u01b0\u1ee3t qua\u2026 <a href=\"https:\/\/www.safeoregon.com\/vi\/about\/faqs\/presentations\/\" class=\"more-link\">Ti\u1ebfp t\u1ee5c \u0111\u1ecdc <span class=\"screen-reader-text\">TR\u00ccNH B\u00c0Y<\/span> <span class=\"meta-nav\">\u2192<\/span><\/a><\/p>","protected":false},"author":1,"featured_media":0,"parent":68,"menu_order":0,"comment_status":"closed","ping_status":"closed","template":"page-templates\/presentation-page-template.php","meta":{"inline_featured_image":false,"_lmt_disableupdate":"","_lmt_disable":"","_exactmetrics_skip_tracking":false,"_exactmetrics_sitenote_active":false,"_exactmetrics_sitenote_note":"","_exactmetrics_sitenote_category":0,"footnotes":""},"class_list":["post-71","page","type-page","status-publish","hentry"],"acf":[],"yoast_head":"<!-- This site is optimized with the Yoast SEO plugin v25.7 - https:\/\/yoast.com\/wordpress\/plugins\/seo\/ -->\n<title>Presentations | Safe Oregon<\/title>\n<meta name=\"robots\" content=\"index, follow, max-snippet:-1, max-image-preview:large, max-video-preview:-1\" \/>\n<link rel=\"canonical\" href=\"https:\/\/www.safeoregon.com\/vi\/about\/faqs\/presentations\/\" \/>\n<meta property=\"og:locale\" content=\"vi_VN\" \/>\n<meta property=\"og:type\" content=\"article\" \/>\n<meta property=\"og:title\" content=\"Presentations | Safe Oregon\" \/>\n<meta property=\"og:description\" content=\"Lorem Ipsum is simply dummy text of the printing and typesetting industry. Lorem Ipsum has been the industry&#8217;s standard dummy text ever since the 1500s, when an unknown printer took a galley of type and scrambled it to make a type specimen book. It has survived not only five centuries, but also the leap into &hellip; Continue reading PRESENTATIONS &rarr;\" \/>\n<meta property=\"og:url\" content=\"https:\/\/www.safeoregon.com\/vi\/about\/faqs\/presentations\/\" \/>\n<meta property=\"og:site_name\" content=\"Safe Oregon\" \/>\n<meta property=\"article:modified_time\" content=\"2016-09-29T16:22:18+00:00\" \/>\n<meta name=\"twitter:card\" content=\"summary_large_image\" \/>\n<meta name=\"twitter:label1\" content=\"Est. reading time\" \/>\n\t<meta name=\"twitter:data1\" content=\"2 minutes\" \/>\n<script type=\"application\/ld+json\" class=\"yoast-schema-graph\">{\"@context\":\"https:\/\/schema.org\",\"@graph\":[{\"@type\":\"WebPage\",\"@id\":\"https:\/\/www.safeoregon.com\/about\/faqs\/presentations\/\",\"url\":\"https:\/\/www.safeoregon.com\/about\/faqs\/presentations\/\",\"name\":\"Presentations | Safe Oregon\",\"isPartOf\":{\"@id\":\"https:\/\/www.safeoregon.com\/#website\"},\"datePublished\":\"2016-09-17T06:22:28+00:00\",\"dateModified\":\"2016-09-29T16:22:18+00:00\",\"breadcrumb\":{\"@id\":\"https:\/\/www.safeoregon.com\/about\/faqs\/presentations\/#breadcrumb\"},\"inLanguage\":\"vi\",\"potentialAction\":[{\"@type\":\"ReadAction\",\"target\":[\"https:\/\/www.safeoregon.com\/about\/faqs\/presentations\/\"]}]},{\"@type\":\"BreadcrumbList\",\"@id\":\"https:\/\/www.safeoregon.com\/about\/faqs\/presentations\/#breadcrumb\",\"itemListElement\":[{\"@type\":\"ListItem\",\"position\":1,\"name\":\"Home\",\"item\":\"https:\/\/www.safeoregon.com\/\"},{\"@type\":\"ListItem\",\"position\":2,\"name\":\"ABOUT\",\"item\":\"https:\/\/www.safeoregon.com\/about\/\"},{\"@type\":\"ListItem\",\"position\":3,\"name\":\"FAQs\",\"item\":\"https:\/\/www.safeoregon.com\/about\/faqs\/\"},{\"@type\":\"ListItem\",\"position\":4,\"name\":\"PRESENTATIONS\"}]},{\"@type\":\"WebSite\",\"@id\":\"https:\/\/www.safeoregon.com\/#website\",\"url\":\"https:\/\/www.safeoregon.com\/\",\"name\":\"Safe Oregon\",\"description\":\"\",\"potentialAction\":[{\"@type\":\"SearchAction\",\"target\":{\"@type\":\"EntryPoint\",\"urlTemplate\":\"https:\/\/www.safeoregon.com\/?s={search_term_string}\"},\"query-input\":{\"@type\":\"PropertyValueSpecification\",\"valueRequired\":true,\"valueName\":\"search_term_string\"}}],\"inLanguage\":\"vi\"}]}<\/script>\n<!-- \/ Yoast SEO plugin. -->","yoast_head_json":{"title":"Presentations | Safe Oregon","robots":{"index":"index","follow":"follow","max-snippet":"max-snippet:-1","max-image-preview":"max-image-preview:large","max-video-preview":"max-video-preview:-1"},"canonical":"https:\/\/www.safeoregon.com\/vi\/about\/faqs\/presentations\/","og_locale":"vi_VN","og_type":"article","og_title":"Presentations | Safe Oregon","og_description":"Lorem Ipsum is simply dummy text of the printing and typesetting industry. Lorem Ipsum has been the industry&#8217;s standard dummy text ever since the 1500s, when an unknown printer took a galley of type and scrambled it to make a type specimen book. It has survived not only five centuries, but also the leap into &hellip; Continue reading PRESENTATIONS &rarr;","og_url":"https:\/\/www.safeoregon.com\/vi\/about\/faqs\/presentations\/","og_site_name":"Safe Oregon","article_modified_time":"2016-09-29T16:22:18+00:00","twitter_card":"summary_large_image","twitter_misc":{"Est. reading time":"2 minutes"},"schema":{"@context":"https:\/\/schema.org","@graph":[{"@type":"WebPage","@id":"https:\/\/www.safeoregon.com\/about\/faqs\/presentations\/","url":"https:\/\/www.safeoregon.com\/about\/faqs\/presentations\/","name":"Presentations | Safe Oregon","isPartOf":{"@id":"https:\/\/www.safeoregon.com\/#website"},"datePublished":"2016-09-17T06:22:28+00:00","dateModified":"2016-09-29T16:22:18+00:00","breadcrumb":{"@id":"https:\/\/www.safeoregon.com\/about\/faqs\/presentations\/#breadcrumb"},"inLanguage":"vi","potentialAction":[{"@type":"ReadAction","target":["https:\/\/www.safeoregon.com\/about\/faqs\/presentations\/"]}]},{"@type":"BreadcrumbList","@id":"https:\/\/www.safeoregon.com\/about\/faqs\/presentations\/#breadcrumb","itemListElement":[{"@type":"ListItem","position":1,"name":"Home","item":"https:\/\/www.safeoregon.com\/"},{"@type":"ListItem","position":2,"name":"ABOUT","item":"https:\/\/www.safeoregon.com\/about\/"},{"@type":"ListItem","position":3,"name":"FAQs","item":"https:\/\/www.safeoregon.com\/about\/faqs\/"},{"@type":"ListItem","position":4,"name":"PRESENTATIONS"}]},{"@type":"WebSite","@id":"https:\/\/www.safeoregon.com\/#website","url":"https:\/\/www.safeoregon.com\/","name":"Oregon an to\u00e0n","description":"","potentialAction":[{"@type":"SearchAction","target":{"@type":"EntryPoint","urlTemplate":"https:\/\/www.safeoregon.com\/?s={search_term_string}"},"query-input":{"@type":"PropertyValueSpecification","valueRequired":true,"valueName":"search_term_string"}}],"inLanguage":"vi"}]}},"_links":{"self":[{"href":"https:\/\/www.safeoregon.com\/vi\/wp-json\/wp\/v2\/pages\/71","targetHints":{"allow":["GET"]}}],"collection":[{"href":"https:\/\/www.safeoregon.com\/vi\/wp-json\/wp\/v2\/pages"}],"about":[{"href":"https:\/\/www.safeoregon.com\/vi\/wp-json\/wp\/v2\/types\/page"}],"author":[{"embeddable":true,"href":"https:\/\/www.safeoregon.com\/vi\/wp-json\/wp\/v2\/users\/1"}],"replies":[{"embeddable":true,"href":"https:\/\/www.safeoregon.com\/vi\/wp-json\/wp\/v2\/comments?post=71"}],"version-history":[{"count":0,"href":"https:\/\/www.safeoregon.com\/vi\/wp-json\/wp\/v2\/pages\/71\/revisions"}],"up":[{"embeddable":true,"href":"https:\/\/www.safeoregon.com\/vi\/wp-json\/wp\/v2\/pages\/68"}],"wp:attachment":[{"href":"https:\/\/www.safeoregon.com\/vi\/wp-json\/wp\/v2\/media?parent=71"}],"curies":[{"name":"wp","href":"https:\/\/api.w.org\/{rel}","templated":true}]}}